{"id":6407,"date":"2023-06-14T10:05:01","date_gmt":"2023-06-14T03:05:01","guid":{"rendered":"http:\/\/vnso.vn\/?page_id=6407"},"modified":"2026-03-23T14:30:14","modified_gmt":"2026-03-23T07:30:14","slug":"huong-dan-thanh-toan","status":"publish","type":"page","link":"http:\/\/vnso.vn\/en\/huong-dan-thanh-toan\/","title":{"rendered":"H\u01b0\u1edbng D\u1eabn Thanh To\u00e1n"},"content":{"rendered":"<div data-elementor-type=\"wp-page\" data-elementor-id=\"6407\" class=\"elementor elementor-6407\" data-elementor-post-type=\"page\">\n\t\t\t\t\t\t<section class=\"elementor-section elementor-top-section elementor-element elementor-element-855e3a3 elementor-section-height-min-height elementor-section-boxed elementor-section-height-default elementor-section-items-middle\" data-id=\"855e3a3\" data-element_type=\"section\" data-settings=\"{&quot;background_background&quot;:&quot;classic&quot;}\">\n\t\t\t\t\t\t<div class=\"elementor-container elementor-column-gap-default\">\n\t\t\t\t\t<div class=\"elementor-column elementor-col-100 elementor-top-column elementor-element elementor-element-335e121d\" data-id=\"335e121d\" data-element_type=\"column\">\n\t\t\t<div class=\"elementor-widget-wrap elementor-element-populated\">\n\t\t\t\t\t\t<div class=\"elementor-element elementor-element-50e9b2e7 elementor-widget__width-initial elementor-widget elementor-widget-heading\" data-id=\"50e9b2e7\" data-element_type=\"widget\" data-widget_type=\"heading.default\">\n\t\t\t\t<div class=\"elementor-widget-container\">\n\t\t\t<style>\/*! elementor - v3.21.0 - 26-05-2024 *\/\n.elementor-heading-title{padding:0;margin:0;line-height:1}.elementor-widget-heading .elementor-heading-title[class*=elementor-size-]>a{color:inherit;font-size:inherit;line-height:inherit}.elementor-widget-heading .elementor-heading-title.elementor-size-small{font-size:15px}.elementor-widget-heading .elementor-heading-title.elementor-size-medium{font-size:19px}.elementor-widget-heading .elementor-heading-title.elementor-size-large{font-size:29px}.elementor-widget-heading .elementor-heading-title.elementor-size-xl{font-size:39px}.elementor-widget-heading .elementor-heading-title.elementor-size-xxl{font-size:59px}<\/style><h2 class=\"elementor-heading-title elementor-size-default\">H\u01af\u1edaNG D\u1eaaN THANH TO\u00c1N<\/h2>\t\t<\/div>\n\t\t\t\t<\/div>\n\t\t\t\t<div class=\"elementor-element elementor-element-c1b1629 elementor-widget elementor-widget-heading\" data-id=\"c1b1629\" data-element_type=\"widget\" data-widget_type=\"heading.default\">\n\t\t\t\t<div class=\"elementor-widget-container\">\n\t\t\t<h2 class=\"elementor-heading-title elementor-size-default\">H\u00ecnh th\u1ee9c thanh to\u00e1n \u0111a d\u1ea1ng, d\u1ec5 thao t\u00e1c, b\u1ea3o m\u1eadt cao.<\/h2>\t\t<\/div>\n\t\t\t\t<\/div>\n\t\t\t\t\t<\/div>\n\t\t<\/div>\n\t\t\t\t\t<\/div>\n\t\t<\/section>\n\t\t\t\t<section class=\"elementor-section elementor-top-section elementor-element elementor-element-46b22b0c elementor-section-boxed elementor-section-height-default elementor-section-height-default\" data-id=\"46b22b0c\" data-element_type=\"section\" data-settings=\"{&quot;background_background&quot;:&quot;classic&quot;}\">\n\t\t\t\t\t\t<div class=\"elementor-container elementor-column-gap-default\">\n\t\t\t\t\t<div class=\"elementor-column elementor-col-100 elementor-top-column elementor-element elementor-element-11f732dd\" data-id=\"11f732dd\" data-element_type=\"column\">\n\t\t\t<div class=\"elementor-widget-wrap elementor-element-populated\">\n\t\t\t\t\t\t<div class=\"elementor-element elementor-element-71885783 elementor-widget elementor-widget-heading\" data-id=\"71885783\" data-element_type=\"widget\" data-widget_type=\"heading.default\">\n\t\t\t\t<div class=\"elementor-widget-container\">\n\t\t\t<h2 class=\"elementor-heading-title elementor-size-default\">H\u01af\u1edaNG D\u1eaaN THANH TO\u00c1N<\/h2>\t\t<\/div>\n\t\t\t\t<\/div>\n\t\t\t\t<section class=\"elementor-section elementor-inner-section elementor-element elementor-element-797d6bc2 elementor-section-boxed elementor-section-height-default elementor-section-height-default\" data-id=\"797d6bc2\" data-element_type=\"section\">\n\t\t\t\t\t\t<div class=\"elementor-container elementor-column-gap-default\">\n\t\t\t\t\t<div class=\"elementor-column elementor-col-100 elementor-inner-column elementor-element elementor-element-21663e0d\" data-id=\"21663e0d\" data-element_type=\"column\">\n\t\t\t<div class=\"elementor-widget-wrap elementor-element-populated\">\n\t\t\t\t\t\t<div class=\"elementor-element elementor-element-604ea8ac elementor-widget__width-initial elementor-widget elementor-widget-heading\" data-id=\"604ea8ac\" data-element_type=\"widget\" data-widget_type=\"heading.default\">\n\t\t\t\t<div class=\"elementor-widget-container\">\n\t\t\t<h2 class=\"elementor-heading-title elementor-size-default\">\u0110\u1ec3 \u0111\u1ea3m b\u1ea3o d\u1ecbch v\u1ee5 \u0111\u01b0\u1ee3c k\u00edch ho\u1ea1t t\u1ef1 \u0111\u1ed9ng nhanh nh\u1ea5t, qu\u00fd kh\u00e1ch c\u00f3 th\u1ec3 tham kh\u1ea3o qua h\u01b0\u1edbng d\u1eabn thanh to\u00e1n d\u1ecbch v\u1ee5 t\u1ea1i VNSO d\u01b0\u1edbi \u0111\u00e2y.<\/h2>\t\t<\/div>\n\t\t\t\t<\/div>\n\t\t\t\t\t<\/div>\n\t\t<\/div>\n\t\t\t\t\t<\/div>\n\t\t<\/section>\n\t\t\t\t<div class=\"elementor-element elementor-element-614875fe elementor-widget__width-inherit elementor-widget elementor-widget-text-editor\" data-id=\"614875fe\" data-element_type=\"widget\" data-widget_type=\"text-editor.default\">\n\t\t\t\t<div class=\"elementor-widget-container\">\n\t\t\t<style>\/*! elementor - v3.21.0 - 26-05-2024 *\/\n.elementor-widget-text-editor.elementor-drop-cap-view-stacked .elementor-drop-cap{background-color:#69727d;color:#fff}.elementor-widget-text-editor.elementor-drop-cap-view-framed .elementor-drop-cap{color:#69727d;border:3px solid;background-color:transparent}.elementor-widget-text-editor:not(.elementor-drop-cap-view-default) .elementor-drop-cap{margin-top:8px}.elementor-widget-text-editor:not(.elementor-drop-cap-view-default) .elementor-drop-cap-letter{width:1em;height:1em}.elementor-widget-text-editor .elementor-drop-cap{float:left;text-align:center;line-height:1;font-size:50px}.elementor-widget-text-editor .elementor-drop-cap-letter{display:inline-block}<\/style>\t\t\t\t<p><strong>Ph\u01b0\u01a1ng th\u1ee9c thanh to\u00e1n<\/strong><\/p><p>T\u1ea5t c\u1ea3 thanh to\u00e1n s\u1ebd \u0111\u01b0\u1ee3c x\u1eed l\u00fd trong 15 ph\u00fat l\u00e0m vi\u1ec7c k\u1ec3 t\u1eeb khi nh\u1eadn \u0111\u01b0\u1ee3c thanh to\u00e1n c\u1ee7a b\u1ea1n. B\u1ea1n s\u1ebd \u0111\u01b0\u1ee3c th\u00f4ng b\u00e1o khi ch\u00fang t\u00f4i nh\u1eadn \u0111\u01b0\u1ee3c thanh to\u00e1n.<\/p><h5>(N\u1ed9i dung thanh to\u00e1n: B\u1ea1n ghi s\u1ed1 h\u00f3a \u0111\u01a1n ho\u1eb7c s\u1ed1 h\u1ee3p \u0111\u1ed3ng)<\/h5><p><strong><em><a>Chuy\u1ec3n kho\u1ea3n ng\u00e2n h\u00e0ng<\/a><\/em><\/strong><\/p><p><strong>1. NG\u00c2N H\u00c0NG NGO\u1ea0I TH\u01af\u01a0NG VI\u1ec6T NAM \u2013 VCB<\/strong><br \/>T\u00ean t\u00e0i kho\u1ea3n:\u00a0<strong>Tr\u1ecbnh Qu\u1ed1c C\u01b0\u1eddng<\/strong><br \/>S\u1ed1 t\u00e0i kho\u1ea3n:\u00a0<strong>0071001417145<\/strong><br \/>Chi nh\u00e1nh:\u00a0<strong>Tp. H\u1ed3 Ch\u00ed Minh<br \/><\/strong><span style=\"background-color: #f4f6fc;\">N\u1ed9i dung thanh to\u00e1n:\u00a0<\/span><span style=\"font-weight: bolder; background-color: #f4f6fc;\">Ghi s\u1ed1 h\u00f3a \u0111\u01a1n ho\u1eb7c email t\u00e0i kho\u1ea3n<\/span><\/p><p><b>2. NG\u00c2N H\u00c0NG CPTM K\u1ef8 TH\u01af\u01a0NG VI\u1ec6T NAM &#8211; TECHCOMBANK<br \/><\/b><span style=\"background-color: #f4f6fc;\">T\u00ean t\u00e0i kho\u1ea3n:\u00a0<\/span><span style=\"background-color: #f4f6fc;\"><b>C\u00d4NG TY C\u1ed4 PH\u1ea6N C\u00d4NG NGH\u1ec6 VNSO\u00a0<\/b><\/span><br \/><span style=\"background-color: #f4f6fc;\">S\u1ed1 t\u00e0i kho\u1ea3n:\u00a0<\/span><b>19034932591998<\/b><br \/><span style=\"background-color: #f4f6fc;\">Chi nh\u00e1nh:\u00a0<\/span><span style=\"color: #081b3a; font-family: SegoeuiPc, Segoe UI, San Francisco, Helvetica Neue, Helvetica, Lucida Grande, Roboto, Ubuntu, Tahoma, Microsoft Sans Serif, Arial, sans-serif;\"><span style=\"font-size: 15px; letter-spacing: 0.2px; white-space-collapse: preserve; background-color: #ffffff;\"><b>Gia \u0110\u1ecbnh, TP.HCM<br \/><\/b><\/span><\/span><span style=\"background-color: #f4f6fc;\">N\u1ed9i dung thanh to\u00e1n:\u00a0<\/span><span style=\"font-weight: bolder; background-color: #f4f6fc;\">Ghi s\u1ed1 h\u00f3a \u0111\u01a1n ho\u1eb7c email t\u00e0i kho\u1ea3n<\/span><b><\/b><\/p><p><strong>3. NG\u00c2N H\u00c0NG TMCP QU\u00c2N \u0110\u1ed8I \u2013 MBBANK<\/strong><br \/>T\u00ean t\u00e0i kho\u1ea3n: <span style=\"background-color: #f4f6fc;\"><b>C\u00d4NG TY C\u1ed4 PH\u1ea6N C\u00d4NG NGH\u1ec6 VNSO<\/b><\/span><br \/>S\u1ed1 t\u00e0i kho\u1ea3n:\u00a0<strong>2401112888111<\/strong><br \/>Chi nh\u00e1nh:\u00a0<b>MB-CN T\u00e2n T\u1ea1o, TP.HCM<br \/><\/b><span style=\"font-family: var( --e-global-typography-text-font-family ), Sans-serif; font-weight: var( --e-global-typography-text-font-weight ); font-size: var(--bs-body-font-size);\">N\u1ed9i dung thanh to\u00e1n:\u00a0<\/span><strong style=\"font-family: var( --e-global-typography-text-font-family ), Sans-serif; font-size: var(--bs-body-font-size);\">Ghi s\u1ed1 h\u00f3a \u0111\u01a1n ho\u1eb7c email t\u00e0i kho\u1ea3n<\/strong><\/p><p><strong>GI\u1ea2I \u0110\u00c1P V\u00c0 TH\u1eaeC M\u1eaeC<\/strong><br \/>M\u1ecdi th\u1eafc m\u1eafc, c\u00e1c b\u1ea1n vui l\u00f2ng li\u00ean h\u1ec7 \u0111\u1ecba ch\u1ec9 email: support@vnso.vn<\/p>\t\t\t\t\t\t<\/div>\n\t\t\t\t<\/div>\n\t\t\t\t\t<\/div>\n\t\t<\/div>\n\t\t\t\t\t<\/div>\n\t\t<\/section>\n\t\t\t\t<\/div>","protected":false},"excerpt":{"rendered":"<p>H\u01af\u1edaNG D\u1eaaN THANH TO\u00c1N H\u00ecnh th\u1ee9c thanh to\u00e1n \u0111a d\u1ea1ng, d\u1ec5 thao t\u00e1c, b\u1ea3o m\u1eadt cao. H\u01af\u1edaNG D\u1eaaN THANH TO\u00c1N \u0110\u1ec3 \u0111\u1ea3m b\u1ea3o d\u1ecbch v\u1ee5 \u0111\u01b0\u1ee3c k\u00edch ho\u1ea1t t\u1ef1 \u0111\u1ed9ng nhanh nh\u1ea5t, qu\u00fd kh\u00e1ch c\u00f3 th\u1ec3 tham kh\u1ea3o qua h\u01b0\u1edbng d\u1eabn thanh to\u00e1n d\u1ecbch v\u1ee5 t\u1ea1i VNSO d\u01b0\u1edbi \u0111\u00e2y. Ph\u01b0\u01a1ng th\u1ee9c thanh to\u00e1n T\u1ea5t c\u1ea3 [&hellip;]<\/p>","protected":false},"author":2,"featured_media":20073,"parent":0,"menu_order":0,"comment_status":"closed","ping_status":"closed","template":"","meta":{"footnotes":""},"yoast_head":"<!-- This site is optimized with the Yoast SEO Premium plugin v20.3 (Yoast SEO v22.8) - https:\/\/yoast.com\/wordpress\/plugins\/seo\/ -->\n<title>H\u01b0\u1edbng D\u1eabn Thanh To\u00e1n | C\u00d4NG NGH\u1ec6 VNSO\u2122<\/title>\n<meta name=\"description\" content=\"\u0110\u1ec3 \u0111\u1ea3m b\u1ea3o d\u1ecbch v\u1ee5 \u0111\u01b0\u1ee3c k\u00edch ho\u1ea1t t\u1ef1 \u0111\u1ed9ng nhanh nh\u1ea5t, qu\u00fd kh\u00e1ch c\u00f3 th\u1ec3 tham kh\u1ea3o qua h\u01b0\u1edbng d\u1eabn thanh to\u00e1n d\u1ecbch v\u1ee5 t\u1ea1i VNSO d\u01b0\u1edbi \u0111\u00e2y:\" \/>\n<meta name=\"robots\" content=\"index, follow, max-snippet:-1, max-image-preview:large, max-video-preview:-1\" \/>\n<link rel=\"canonical\" href=\"http:\/\/vnso.vn\/en\/huong-dan-thanh-toan\/\" \/>\n<meta property=\"og:locale\" content=\"en_US\" \/>\n<meta property=\"og:type\" content=\"article\" \/>\n<meta property=\"og:title\" content=\"H\u01b0\u1edbng D\u1eabn Thanh To\u00e1n\" \/>\n<meta property=\"og:description\" content=\"\u0110\u1ec3 \u0111\u1ea3m b\u1ea3o d\u1ecbch v\u1ee5 \u0111\u01b0\u1ee3c k\u00edch ho\u1ea1t t\u1ef1 \u0111\u1ed9ng nhanh nh\u1ea5t, qu\u00fd kh\u00e1ch c\u00f3 th\u1ec3 tham kh\u1ea3o qua h\u01b0\u1edbng d\u1eabn thanh to\u00e1n d\u1ecbch v\u1ee5 t\u1ea1i VNSO d\u01b0\u1edbi \u0111\u00e2y:\" \/>\n<meta property=\"og:url\" content=\"http:\/\/vnso.vn\/en\/huong-dan-thanh-toan\/\" \/>\n<meta property=\"og:site_name\" content=\"C\u00d4NG NGH\u1ec6 VNSO\u2122\" \/>\n<meta property=\"article:publisher\" content=\"https:\/\/www.facebook.com\/VNSO.VN\" \/>\n<meta property=\"article:modified_time\" content=\"2026-03-23T07:30:14+00:00\" \/>\n<meta property=\"og:image\" content=\"https:\/\/vnso.vn\/wp-content\/uploads\/2024\/06\/VNSO-social-logo-2024.png\" \/>\n\t<meta property=\"og:image:width\" content=\"1000\" \/>\n\t<meta property=\"og:image:height\" content=\"1000\" \/>\n\t<meta property=\"og:image:type\" content=\"image\/png\" \/>\n<meta name=\"twitter:card\" content=\"summary_large_image\" \/>\n<meta name=\"twitter:label1\" content=\"Est. reading time\" \/>\n\t<meta name=\"twitter:data1\" content=\"2 minutes\" \/>\n<script type=\"application\/ld+json\" class=\"yoast-schema-graph\">{\"@context\":\"https:\/\/schema.org\",\"@graph\":[{\"@type\":\"WebPage\",\"@id\":\"https:\/\/vnso.vn\/huong-dan-thanh-toan\/\",\"url\":\"https:\/\/vnso.vn\/huong-dan-thanh-toan\/\",\"name\":\"H\u01b0\u1edbng D\u1eabn Thanh To\u00e1n | C\u00d4NG NGH\u1ec6 VNSO\u2122\",\"isPartOf\":{\"@id\":\"https:\/\/vnso.vn\/#website\"},\"primaryImageOfPage\":{\"@id\":\"https:\/\/vnso.vn\/huong-dan-thanh-toan\/#primaryimage\"},\"image\":{\"@id\":\"https:\/\/vnso.vn\/huong-dan-thanh-toan\/#primaryimage\"},\"thumbnailUrl\":\"https:\/\/vnso.vn\/wp-content\/uploads\/2024\/06\/VNSO-social-logo-2024.png\",\"datePublished\":\"2023-06-14T03:05:01+00:00\",\"dateModified\":\"2026-03-23T07:30:14+00:00\",\"description\":\"\u0110\u1ec3 \u0111\u1ea3m b\u1ea3o d\u1ecbch v\u1ee5 \u0111\u01b0\u1ee3c k\u00edch ho\u1ea1t t\u1ef1 \u0111\u1ed9ng nhanh nh\u1ea5t, qu\u00fd kh\u00e1ch c\u00f3 th\u1ec3 tham kh\u1ea3o qua h\u01b0\u1edbng d\u1eabn thanh to\u00e1n d\u1ecbch v\u1ee5 t\u1ea1i VNSO d\u01b0\u1edbi \u0111\u00e2y:\",\"breadcrumb\":{\"@id\":\"https:\/\/vnso.vn\/huong-dan-thanh-toan\/#breadcrumb\"},\"inLanguage\":\"en-US\",\"potentialAction\":[{\"@type\":\"ReadAction\",\"target\":[\"https:\/\/vnso.vn\/huong-dan-thanh-toan\/\"]}]},{\"@type\":\"ImageObject\",\"inLanguage\":\"en-US\",\"@id\":\"https:\/\/vnso.vn\/huong-dan-thanh-toan\/#primaryimage\",\"url\":\"https:\/\/vnso.vn\/wp-content\/uploads\/2024\/06\/VNSO-social-logo-2024.png\",\"contentUrl\":\"https:\/\/vnso.vn\/wp-content\/uploads\/2024\/06\/VNSO-social-logo-2024.png\",\"width\":1000,\"height\":1000,\"caption\":\"Thu\u00ea Server - M\u00e1y ch\u1ee7 Ri\u00eang t\u1ea1i Vi\u1ec7t Nam\"},{\"@type\":\"BreadcrumbList\",\"@id\":\"https:\/\/vnso.vn\/huong-dan-thanh-toan\/#breadcrumb\",\"itemListElement\":[{\"@type\":\"ListItem\",\"position\":1,\"name\":\"Trang ch\u1ee7\",\"item\":\"https:\/\/vnso.vn\/\"},{\"@type\":\"ListItem\",\"position\":2,\"name\":\"H\u01b0\u1edbng D\u1eabn Thanh To\u00e1n\"}]},{\"@type\":\"WebSite\",\"@id\":\"https:\/\/vnso.vn\/#website\",\"url\":\"https:\/\/vnso.vn\/\",\"name\":\"C\u00d4NG NGH\u1ec6 VNSO\u2122\",\"description\":\"Private Cloud, VPS, Server v\u00e0 Gi\u1ea3i ph\u00e1p CNTT\",\"publisher\":{\"@id\":\"https:\/\/vnso.vn\/#organization\"},\"potentialAction\":[{\"@type\":\"SearchAction\",\"target\":{\"@type\":\"EntryPoint\",\"urlTemplate\":\"https:\/\/vnso.vn\/?s={search_term_string}\"},\"query-input\":\"required name=search_term_string\"}],\"inLanguage\":\"en-US\"},{\"@type\":\"Organization\",\"@id\":\"https:\/\/vnso.vn\/#organization\",\"name\":\"C\u00d4NG NGH\u1ec6 VNSO\u2122\",\"url\":\"https:\/\/vnso.vn\/\",\"logo\":{\"@type\":\"ImageObject\",\"inLanguage\":\"en-US\",\"@id\":\"https:\/\/vnso.vn\/#\/schema\/logo\/image\/\",\"url\":\"https:\/\/vnso.vn\/wp-content\/uploads\/2024\/06\/VNSO-Logo-Social-2024.png\",\"contentUrl\":\"https:\/\/vnso.vn\/wp-content\/uploads\/2024\/06\/VNSO-Logo-Social-2024.png\",\"width\":1200,\"height\":1200,\"caption\":\"C\u00d4NG NGH\u1ec6 VNSO\u2122\"},\"image\":{\"@id\":\"https:\/\/vnso.vn\/#\/schema\/logo\/image\/\"},\"sameAs\":[\"https:\/\/www.facebook.com\/VNSO.VN\"]}]}<\/script>\n<!-- \/ Yoast SEO Premium plugin. -->","yoast_head_json":{"title":"H\u01b0\u1edbng D\u1eabn Thanh To\u00e1n | C\u00d4NG NGH\u1ec6 VNSO\u2122","description":"\u0110\u1ec3 \u0111\u1ea3m b\u1ea3o d\u1ecbch v\u1ee5 \u0111\u01b0\u1ee3c k\u00edch ho\u1ea1t t\u1ef1 \u0111\u1ed9ng nhanh nh\u1ea5t, qu\u00fd kh\u00e1ch c\u00f3 th\u1ec3 tham kh\u1ea3o qua h\u01b0\u1edbng d\u1eabn thanh to\u00e1n d\u1ecbch v\u1ee5 t\u1ea1i VNSO d\u01b0\u1edbi \u0111\u00e2y:","robots":{"index":"index","follow":"follow","max-snippet":"max-snippet:-1","max-image-preview":"max-image-preview:large","max-video-preview":"max-video-preview:-1"},"canonical":"http:\/\/vnso.vn\/en\/huong-dan-thanh-toan\/","og_locale":"en_US","og_type":"article","og_title":"H\u01b0\u1edbng D\u1eabn Thanh To\u00e1n","og_description":"\u0110\u1ec3 \u0111\u1ea3m b\u1ea3o d\u1ecbch v\u1ee5 \u0111\u01b0\u1ee3c k\u00edch ho\u1ea1t t\u1ef1 \u0111\u1ed9ng nhanh nh\u1ea5t, qu\u00fd kh\u00e1ch c\u00f3 th\u1ec3 tham kh\u1ea3o qua h\u01b0\u1edbng d\u1eabn thanh to\u00e1n d\u1ecbch v\u1ee5 t\u1ea1i VNSO d\u01b0\u1edbi \u0111\u00e2y:","og_url":"http:\/\/vnso.vn\/en\/huong-dan-thanh-toan\/","og_site_name":"C\u00d4NG NGH\u1ec6 VNSO\u2122","article_publisher":"https:\/\/www.facebook.com\/VNSO.VN","article_modified_time":"2026-03-23T07:30:14+00:00","og_image":[{"width":1000,"height":1000,"url":"https:\/\/vnso.vn\/wp-content\/uploads\/2024\/06\/VNSO-social-logo-2024.png","type":"image\/png"}],"twitter_card":"summary_large_image","twitter_misc":{"Est. reading time":"2 minutes"},"schema":{"@context":"https:\/\/schema.org","@graph":[{"@type":"WebPage","@id":"https:\/\/vnso.vn\/huong-dan-thanh-toan\/","url":"https:\/\/vnso.vn\/huong-dan-thanh-toan\/","name":"H\u01b0\u1edbng D\u1eabn Thanh To\u00e1n | C\u00d4NG NGH\u1ec6 VNSO\u2122","isPartOf":{"@id":"https:\/\/vnso.vn\/#website"},"primaryImageOfPage":{"@id":"https:\/\/vnso.vn\/huong-dan-thanh-toan\/#primaryimage"},"image":{"@id":"https:\/\/vnso.vn\/huong-dan-thanh-toan\/#primaryimage"},"thumbnailUrl":"https:\/\/vnso.vn\/wp-content\/uploads\/2024\/06\/VNSO-social-logo-2024.png","datePublished":"2023-06-14T03:05:01+00:00","dateModified":"2026-03-23T07:30:14+00:00","description":"\u0110\u1ec3 \u0111\u1ea3m b\u1ea3o d\u1ecbch v\u1ee5 \u0111\u01b0\u1ee3c k\u00edch ho\u1ea1t t\u1ef1 \u0111\u1ed9ng nhanh nh\u1ea5t, qu\u00fd kh\u00e1ch c\u00f3 th\u1ec3 tham kh\u1ea3o qua h\u01b0\u1edbng d\u1eabn thanh to\u00e1n d\u1ecbch v\u1ee5 t\u1ea1i VNSO d\u01b0\u1edbi \u0111\u00e2y:","breadcrumb":{"@id":"https:\/\/vnso.vn\/huong-dan-thanh-toan\/#breadcrumb"},"inLanguage":"en-US","potentialAction":[{"@type":"ReadAction","target":["https:\/\/vnso.vn\/huong-dan-thanh-toan\/"]}]},{"@type":"ImageObject","inLanguage":"en-US","@id":"https:\/\/vnso.vn\/huong-dan-thanh-toan\/#primaryimage","url":"https:\/\/vnso.vn\/wp-content\/uploads\/2024\/06\/VNSO-social-logo-2024.png","contentUrl":"https:\/\/vnso.vn\/wp-content\/uploads\/2024\/06\/VNSO-social-logo-2024.png","width":1000,"height":1000,"caption":"Thu\u00ea Server - M\u00e1y ch\u1ee7 Ri\u00eang t\u1ea1i Vi\u1ec7t Nam"},{"@type":"BreadcrumbList","@id":"https:\/\/vnso.vn\/huong-dan-thanh-toan\/#breadcrumb","itemListElement":[{"@type":"ListItem","position":1,"name":"Trang ch\u1ee7","item":"https:\/\/vnso.vn\/"},{"@type":"ListItem","position":2,"name":"H\u01b0\u1edbng D\u1eabn Thanh To\u00e1n"}]},{"@type":"WebSite","@id":"https:\/\/vnso.vn\/#website","url":"https:\/\/vnso.vn\/","name":"C\u00d4NG NGH\u1ec6 VNSO\u2122","description":"Private Cloud, VPS, Server v\u00e0 Gi\u1ea3i ph\u00e1p CNTT","publisher":{"@id":"https:\/\/vnso.vn\/#organization"},"potentialAction":[{"@type":"SearchAction","target":{"@type":"EntryPoint","urlTemplate":"https:\/\/vnso.vn\/?s={search_term_string}"},"query-input":"required name=search_term_string"}],"inLanguage":"en-US"},{"@type":"Organization","@id":"https:\/\/vnso.vn\/#organization","name":"C\u00d4NG NGH\u1ec6 VNSO\u2122","url":"https:\/\/vnso.vn\/","logo":{"@type":"ImageObject","inLanguage":"en-US","@id":"https:\/\/vnso.vn\/#\/schema\/logo\/image\/","url":"https:\/\/vnso.vn\/wp-content\/uploads\/2024\/06\/VNSO-Logo-Social-2024.png","contentUrl":"https:\/\/vnso.vn\/wp-content\/uploads\/2024\/06\/VNSO-Logo-Social-2024.png","width":1200,"height":1200,"caption":"C\u00d4NG NGH\u1ec6 VNSO\u2122"},"image":{"@id":"https:\/\/vnso.vn\/#\/schema\/logo\/image\/"},"sameAs":["https:\/\/www.facebook.com\/VNSO.VN"]}]}},"_links":{"self":[{"href":"http:\/\/vnso.vn\/en\/wp-json\/wp\/v2\/pages\/6407"}],"collection":[{"href":"http:\/\/vnso.vn\/en\/wp-json\/wp\/v2\/pages"}],"about":[{"href":"http:\/\/vnso.vn\/en\/wp-json\/wp\/v2\/types\/page"}],"author":[{"embeddable":true,"href":"http:\/\/vnso.vn\/en\/wp-json\/wp\/v2\/users\/2"}],"replies":[{"embeddable":true,"href":"http:\/\/vnso.vn\/en\/wp-json\/wp\/v2\/comments?post=6407"}],"version-history":[{"count":0,"href":"http:\/\/vnso.vn\/en\/wp-json\/wp\/v2\/pages\/6407\/revisions"}],"wp:featuredmedia":[{"embeddable":true,"href":"http:\/\/vnso.vn\/en\/wp-json\/wp\/v2\/media\/20073"}],"wp:attachment":[{"href":"http:\/\/vnso.vn\/en\/wp-json\/wp\/v2\/media?parent=6407"}],"curies":[{"name":"wp","href":"https:\/\/api.w.org\/{rel}","templated":true}]}}